{"id":3,"date":"2026-03-31T12:21:26","date_gmt":"2026-03-31T12:21:26","guid":{"rendered":"https:\/\/www.bytransfer.com.tr\/yeni\/?page_id=3"},"modified":"2026-04-17T10:14:20","modified_gmt":"2026-04-17T10:14:20","slug":"gizlilik-politikasi","status":"publish","type":"page","link":"https:\/\/www.bytransfer.com.tr\/yeni\/gizlilik-politikasi\/","title":{"rendered":"Gizlilik Politikasi"},"content":{"rendered":"\n<!-- SECTION: Gizlilik ve G\u00fcvenlik Politikas\u0131 -->\n<section class=\"bt-section bt-section--sm bt-legal\" id=\"gizlilik-ve-guvenlik\" aria-labelledby=\"bt-legal-title\">\n  <div class=\"bt-container bt-container--narrow\">\n    <article class=\"bt-legal__card\">\n      <header class=\"bt-legal__head\">\n        <h1 class=\"bt-legal__title\" id=\"bt-legal-title\">Gizlilik ve G\u00fcvenlik<\/h1>\n        <p class=\"bt-legal__desc\">\n          Firmam\u0131z (bytransfer), \u00e7e\u015fitli ama\u00e7larla ki\u015fisel veriler toplayabilir. A\u015fa\u011f\u0131da, toplanan ki\u015fisel verilerin nas\u0131l ve ne \u015fekilde topland\u0131\u011f\u0131, bu verilerin nas\u0131l ve ne \u015fekilde korundu\u011fu belirtilmi\u015ftir.\n        <\/p>\n      <\/header>\n\n      <div class=\"bt-legal__content\">\n        <p>\u00dcyelik veya sitemiz \u00fczerindeki \u00e7e\u015fitli form ve anketlerin doldurulmas\u0131 suretiyle ve sipari\u015f verme a\u015famas\u0131nda \u00fcyelerin bir tak\u0131m ki\u015fisel bilgileri (isim-soy isim, telefon, adres veya e-posta adresleri gibi) firmam\u0131z taraf\u0131ndan i\u015fin do\u011fas\u0131 gere\u011fi toplanmaktad\u0131r.<\/p>\n\n        <p>Firmam\u0131z baz\u0131 d\u00f6nemlerde sitemizden \u00fcye olmu\u015f m\u00fc\u015fterilerine kampanya bilgileri, yeni \u00fcr\u00fcnler hakk\u0131nda bilgiler, promosyon teklifleri g\u00f6nderebilir. \u00dcyelerimiz bu gibi bilgileri almak istemedikleri takdirde, kendilerine gelen e-postadaki link \u00fczerinden \u00fcyelikten \u00e7\u0131kabilir.<\/p>\n\n        <p>Sitemiz \u00fczerinden ger\u00e7ekle\u015ftirilen onay s\u00fcrecinde, elektronik ortamda iletilen ki\u015fisel bilgiler, \u00fcyelerimiz ile yapt\u0131\u011f\u0131m\u0131z \u201cKullan\u0131c\u0131 S\u00f6zle\u015fmesi\u201d ile belirlenen ama\u00e7lar ve kapsam d\u0131\u015f\u0131nda \u00fc\u00e7\u00fcnc\u00fc ki\u015filere a\u00e7\u0131klanmayacakt\u0131r.<\/p>\n\n        <p>Sistemle ilgili sorunlar\u0131n tan\u0131mlanmas\u0131 ve verilen hizmet ile ilgili \u00e7\u0131kabilecek sorunlar\u0131n veya uyu\u015fmazl\u0131klar\u0131n h\u0131zla \u00e7\u00f6z\u00fclmesi i\u00e7in firmam\u0131z, \u00fcyelerinin IP adresini kaydetmekte ve bunu kullanmaktad\u0131r. IP adresleri, kullan\u0131c\u0131lar\u0131 genel bir \u015fekilde tan\u0131mlamak ve kapsaml\u0131 demografik bilgi toplamak amac\u0131yla da kullan\u0131labilir.<\/p>\n\n        <p>Firmam\u0131z, gizli bilgileri kesinlikle \u00f6zel ve gizli tutmay\u0131, bunu bir s\u0131r saklama y\u00fck\u00fcm\u00fc olarak addetmeyi ve gizlili\u011fin sa\u011flanmas\u0131 ve s\u00fcrd\u00fcr\u00fclmesi, gizli bilginin tamam\u0131n\u0131n veya herhangi bir k\u0131sm\u0131n\u0131n kamu alan\u0131na girmesini veya yetkisiz kullan\u0131m\u0131n\u0131 veya \u00fc\u00e7\u00fcnc\u00fc bir ki\u015fiye if\u015fas\u0131n\u0131 \u00f6nlemek i\u00e7in gerekli t\u00fcm tedbirleri almay\u0131 ve gerekli \u00f6zeni g\u00f6stermeyi taahh\u00fct etmektedir.<\/p>\n\n        <h2>Kredi Kart\u0131 G\u00fcvenli\u011fi<\/h2>\n        <p>Firmam\u0131z, sitemizden al\u0131\u015fveri\u015f yapan kredi kart\u0131 sahiplerinin g\u00fcvenli\u011fini ilk planda tutmaktad\u0131r. Sitemizde kredi kart\u0131yla al\u0131\u015fveri\u015f altyap\u0131s\u0131 ve g\u00fcvenli\u011fi PayTR \u00d6deme Hizmetleri A.\u015e. taraf\u0131ndan sa\u011flanmaktad\u0131r.<\/p>\n        <p>M\u00fc\u015fteri (son kullan\u0131c\u0131), \u00f6deme y\u00f6ntemine, \u00fcyeli\u011fine ve sipari\u015fine ili\u015fkin bilgilerin, \u00f6demenin ger\u00e7ekle\u015ftirilebilmesi ve \u00f6deme usuls\u00fczl\u00fcklerinin \u00f6nlenmesi, ara\u015ft\u0131r\u0131lmas\u0131 ve tespit edilmesini temin amac\u0131yla PayTR \u00d6deme Hizmetleri A.\u015e.\u2019ye aktar\u0131lmas\u0131na ve PayTR taraf\u0131ndan <a href=\"https:\/\/www.paytr.com\/gizlilik-politikasi\/\" target=\"_blank\" rel=\"noopener\">https:\/\/www.paytr.com\/gizlilik-politikasi\/<\/a> adresindeki Gizlilik Politikas\u0131\u2019n\u0131n en g\u00fcncel halinde a\u00e7\u0131kland\u0131\u011f\u0131 \u015fekilde i\u015flenmesine ve saklanmas\u0131na r\u0131za g\u00f6stermektedir.<\/p>\n\n        <h2>\u00dc\u00e7\u00fcnc\u00fc Taraf Web Siteleri ve Uygulamalar<\/h2>\n        <p>Firmam\u0131z, web sitesi dahilinde ba\u015fka sitelere link verebilir. Firmam\u0131z, bu linkler vas\u0131tas\u0131yla eri\u015filen sitelerin gizlilik uygulamalar\u0131 ve i\u00e7eriklerine y\u00f6nelik herhangi bir sorumluluk ta\u015f\u0131mamaktad\u0131r. Firmam\u0131za ait sitede yay\u0131nlanan reklamlar, reklamc\u0131l\u0131k yapan i\u015f ortaklar\u0131m\u0131z arac\u0131l\u0131\u011f\u0131 ile kullan\u0131c\u0131lar\u0131m\u0131za da\u011f\u0131t\u0131l\u0131r. \u0130\u015fbu s\u00f6zle\u015fmedeki Gizlilik Politikas\u0131 Prensipleri, sadece ma\u011fazam\u0131z\u0131n kullan\u0131m\u0131na ili\u015fkindir, \u00fc\u00e7\u00fcnc\u00fc taraf web sitelerini kapsamaz.<\/p>\n\n        <h2>\u0130stisnai Haller<\/h2>\n        <p>A\u015fa\u011f\u0131da belirtilen s\u0131n\u0131rl\u0131 hallerde firmam\u0131z, i\u015fbu \u201cGizlilik Politikas\u0131\u201d h\u00fck\u00fcmleri d\u0131\u015f\u0131nda kullan\u0131c\u0131lara ait bilgileri \u00fc\u00e7\u00fcnc\u00fc ki\u015filere a\u00e7\u0131klayabilir. Bu durumlar s\u0131n\u0131rl\u0131 say\u0131da olmak \u00fczere:<\/p>\n        <ul>\n          <li>Kanun, Kanun H\u00fckm\u00fcnde Kararname, Y\u00f6netmelik vb. yetkili hukuki otorite taraf\u0131ndan \u00e7\u0131kar\u0131lan ve y\u00fcr\u00fcrl\u00fcl\u00fckte olan hukuk kurallar\u0131n\u0131n getirdi\u011fi zorunluluklara uymak,<\/li>\n          <li>Ma\u011fazam\u0131z\u0131n kullan\u0131c\u0131larla akdetti\u011fi \u201c\u00dcyelik S\u00f6zle\u015fmesi\u201dnin ve di\u011fer s\u00f6zle\u015fmelerin gereklerini yerine getirmek ve bunlar\u0131 uygulamaya koymak amac\u0131yla,<\/li>\n          <li>Yetkili idari ve adli otorite taraf\u0131ndan usul\u00fcne g\u00f6re y\u00fcr\u00fct\u00fclen bir ara\u015ft\u0131rma veya soru\u015fturman\u0131n y\u00fcr\u00fct\u00fcm\u00fc amac\u0131yla kullan\u0131c\u0131larla ilgili bilgi talep edilmesi,<\/li>\n          <li>Kullan\u0131c\u0131lar\u0131n haklar\u0131 veya g\u00fcvenliklerini korumak i\u00e7in bilgi vermenin gerekli oldu\u011fu hallerdir.<\/li>\n        <\/ul>\n\n        <h2>E-posta G\u00fcvenli\u011fi<\/h2>\n        <p>Ma\u011fazam\u0131z\u0131n M\u00fc\u015fteri Hizmetleri\u2019ne, herhangi bir sipari\u015finizle ilgili olarak g\u00f6nderece\u011finiz e-postalarda asla kredi kart\u0131 numaran\u0131z\u0131 veya \u015fifrelerinizi yazmay\u0131n\u0131z. E-postalarda yer alan bilgiler \u00fc\u00e7\u00fcnc\u00fc \u015fah\u0131slar taraf\u0131ndan g\u00f6r\u00fclebilir. Firmam\u0131z, e-postalar\u0131n\u0131zdan aktar\u0131lan bilgilerin g\u00fcvenli\u011fini hi\u00e7bir ko\u015fulda garanti edemez.<\/p>\n\n        <h2>Taray\u0131c\u0131 \u00c7erezleri<\/h2>\n        <p>Firmam\u0131z, sitemizi ziyaret eden kullan\u0131c\u0131lar ve kullan\u0131c\u0131lar\u0131n web sitesini kullan\u0131m\u0131 hakk\u0131ndaki bilgileri teknik bir ileti\u015fim dosyas\u0131 (\u00c7erez-Cookie) kullanarak elde edebilir. Bahsi ge\u00e7en teknik ileti\u015fim dosyalar\u0131, ana bellekte saklanmak \u00fczere bir internet sitesinin kullan\u0131c\u0131n\u0131n taray\u0131c\u0131s\u0131na (browser) g\u00f6nderdi\u011fi k\u00fc\u00e7\u00fck metin dosyalar\u0131d\u0131r. Teknik ileti\u015fim dosyas\u0131 site hakk\u0131nda durum ve tercihleri saklayarak internetin kullan\u0131m\u0131n\u0131 kolayla\u015ft\u0131r\u0131r.<\/p>\n        <p>Teknik ileti\u015fim dosyas\u0131, siteyi ka\u00e7 ki\u015finin ziyaret etti\u011fini, bir ki\u015finin siteyi hangi ama\u00e7la ka\u00e7 kez ziyaret etti\u011fini ve ne kadar sitede kald\u0131klar\u0131 hakk\u0131nda istatistiksel bilgileri elde etmeye ve kullan\u0131c\u0131lar i\u00e7in \u00f6zel tasarlanm\u0131\u015f kullan\u0131c\u0131 sayfalar\u0131ndan dinamik olarak reklam ve i\u00e7erik \u00fcretilmesine yard\u0131mc\u0131 olur. Teknik ileti\u015fim dosyas\u0131, ana bellekte veya e-postan\u0131zdan veri veya ba\u015fkaca herhangi bir ki\u015fisel bilgi almak i\u00e7in tasarlanmam\u0131\u015ft\u0131r. Taray\u0131c\u0131lar\u0131n pek \u00e7o\u011fu ba\u015fta teknik ileti\u015fim dosyas\u0131n\u0131 kabul eder bi\u00e7imde tasarlanm\u0131\u015ft\u0131r; ancak kullan\u0131c\u0131lar dilerse teknik ileti\u015fim dosyas\u0131n\u0131n gelmemesi veya teknik ileti\u015fim dosyas\u0131 g\u00f6nderildi\u011finde uyar\u0131 verilmesini sa\u011flayacak bi\u00e7imde ayarlar\u0131 de\u011fi\u015ftirebilirler.<\/p>\n\n        <p>Firmam\u0131z, i\u015fbu \u201cGizlilik Politikas\u0131\u201d h\u00fck\u00fcmlerini diledi\u011fi zaman sitede yay\u0131nlamak veya kullan\u0131c\u0131lara elektronik posta g\u00f6ndermek suretiyle de\u011fi\u015ftirebilir. Gizlilik Politikas\u0131 h\u00fck\u00fcmleri de\u011fi\u015fti\u011fi takdirde yay\u0131nland\u0131\u011f\u0131 tarihte y\u00fcr\u00fcrl\u00fck kazan\u0131r.<\/p>\n      <\/div>\n    <\/article>\n  <\/div>\n<\/section>\n\n<style>\n.bt-legal{background:var(--bt-color-bg-soft);}\n.bt-legal__card{\n  background:#fff;\n  border:1px solid var(--bt-color-border);\n  border-radius:16px;\n  box-shadow:var(--bt-shadow-soft);\n  padding:28px;\n}\n.bt-legal__head{margin-bottom:18px;}\n.bt-legal__title{\n  margin:0 0 10px!important;\n  font-size:clamp(30px,4vw,44px);\n  line-height:1.15;\n  font-weight:700;\n  color:var(--bt-color-text-primary);\n}\n.bt-legal__desc{\n  margin:0!important;\n  font-size:17px;\n  line-height:1.75;\n  color:var(--bt-color-text-secondary);\n}\n.bt-legal__content{display:grid;gap:14px;}\n.bt-legal__content h2{\n  margin:12px 0 0!important;\n  font-size:24px;\n  line-height:1.3;\n  font-weight:700;\n  color:var(--bt-color-text-primary);\n}\n.bt-legal__content p{\n  margin:0!important;\n  font-size:16px;\n  line-height:1.75;\n  color:var(--bt-color-text-secondary);\n}\n.bt-legal__content ul{\n  margin:0!important;\n  padding-left:20px!important;\n  display:grid;\n  gap:8px;\n}\n.bt-legal__content li{\n  font-size:16px;\n  line-height:1.7;\n  color:var(--bt-color-text-secondary);\n}\n.bt-legal__content a{\n  color:var(--bt-color-brand);\n  text-decoration:underline;\n}\n.bt-legal__content a:hover{color:var(--bt-color-brand-hover);}\n@media (max-width:767px){\n  .bt-legal__card{padding:20px;}\n  .bt-legal__title{font-size:clamp(26px,8vw,34px);}\n  .bt-legal__desc{font-size:16px;line-height:1.7;}\n  .bt-legal__content h2{font-size:21px;}\n  .bt-legal__content p,.bt-legal__content li{font-size:15px;line-height:1.65;}\n}\n<\/style>\n\n\n\n\n<p><\/p>\n","protected":false},"excerpt":{"rendered":"<p>Gizlilik ve G\u00fcvenlik Firmam\u0131z (bytransfer), \u00e7e\u015fitli ama\u00e7larla ki\u015fisel veriler toplayabilir. A\u015fa\u011f\u0131da, toplanan ki\u015fisel verilerin nas\u0131l ve ne \u015fekilde topland\u0131\u011f\u0131, bu verilerin nas\u0131l ve ne \u015fekilde korundu\u011fu belirtilmi\u015ftir. \u00dcyelik veya sitemiz \u00fczerindeki \u00e7e\u015fitli form ve anketlerin doldurulmas\u0131 suretiyle ve sipari\u015f verme a\u015famas\u0131nda \u00fcyelerin bir tak\u0131m ki\u015fisel bilgileri (isim-soy isim, telefon, adres veya e-posta adresleri gibi) firmam\u0131z&#8230;<\/p>\n","protected":false},"author":1,"featured_media":0,"parent":0,"menu_order":14,"comment_status":"closed","ping_status":"closed","template":"","meta":{"_acf_changed":false,"_kad_post_transparent":"","_kad_post_title":"","_kad_post_layout":"","_kad_post_sidebar_id":"","_kad_post_content_style":"","_kad_post_vertical_padding":"","_kad_post_feature":"","_kad_post_feature_position":"","_kad_post_header":false,"_kad_post_footer":false,"_kad_post_classname":"","footnotes":""},"class_list":["post-3","page","type-page","status-publish"],"acf":[],"_links":{"self":[{"href":"https:\/\/www.bytransfer.com.tr\/yeni\/wp-json\/wp\/v2\/pages\/3","targetHints":{"allow":["GET"]}}],"collection":[{"href":"https:\/\/www.bytransfer.com.tr\/yeni\/wp-json\/wp\/v2\/pages"}],"about":[{"href":"https:\/\/www.bytransfer.com.tr\/yeni\/wp-json\/wp\/v2\/types\/page"}],"author":[{"embeddable":true,"href":"https:\/\/www.bytransfer.com.tr\/yeni\/wp-json\/wp\/v2\/users\/1"}],"replies":[{"embeddable":true,"href":"https:\/\/www.bytransfer.com.tr\/yeni\/wp-json\/wp\/v2\/comments?post=3"}],"version-history":[{"count":6,"href":"https:\/\/www.bytransfer.com.tr\/yeni\/wp-json\/wp\/v2\/pages\/3\/revisions"}],"predecessor-version":[{"id":2301,"href":"https:\/\/www.bytransfer.com.tr\/yeni\/wp-json\/wp\/v2\/pages\/3\/revisions\/2301"}],"wp:attachment":[{"href":"https:\/\/www.bytransfer.com.tr\/yeni\/wp-json\/wp\/v2\/media?parent=3"}],"curies":[{"name":"wp","href":"https:\/\/api.w.org\/{rel}","templated":true}]}}